{"id":1113,"date":"2021-01-21T21:03:09","date_gmt":"2021-01-22T00:03:09","guid":{"rendered":"https:\/\/nsrosario-infd.mendoza.edu.ar\/sitio\/?page_id=1113"},"modified":"2021-01-21T21:05:56","modified_gmt":"2021-01-22T00:05:56","slug":"profesorado-de-educacion-primaria-2","status":"publish","type":"page","link":"https:\/\/nsrosario-infd.mendoza.edu.ar\/sitio\/profesorado-de-educacion-primaria-2\/","title":{"rendered":"PROFESORADO DE EDUCACI\u00d3N PRIMARIA"},"content":{"rendered":"<p><img decoding=\"async\" loading=\"lazy\" class=\"alignnone size-full wp-image-1114\" src=\"https:\/\/nsrosario-infd.mendoza.edu.ar\/sitio\/wp-content\/uploads\/2021\/01\/Profesorado-de-Educaci\u00f3n-Primaria.png\" alt=\"\" width=\"960\" height=\"240\" srcset=\"https:\/\/nsrosario-infd.mendoza.edu.ar\/sitio\/wp-content\/uploads\/2021\/01\/Profesorado-de-Educaci\u00f3n-Primaria.png 960w, https:\/\/nsrosario-infd.mendoza.edu.ar\/sitio\/wp-content\/uploads\/2021\/01\/Profesorado-de-Educaci\u00f3n-Primaria-768x192.png 768w\" sizes=\"(max-width: 960px) 100vw, 960px\" \/><\/p>\n<ul>\n<li><span style=\"font-weight: 400;\">Nombre de la carrera:\u00a0<\/span><b>Profesorado de Educaci\u00f3n Primaria<\/b><\/li>\n<\/ul>\n<ul>\n<li><span style=\"font-weight: 400;\">T\u00edtulo:\u00a0<\/span>Profesor\/a en Educaci\u00f3n Primaria<\/li>\n<\/ul>\n<ul>\n<li><span style=\"font-weight: 400;\">Orientaci\u00f3n:<\/span><\/li>\n<\/ul>\n<p><span style=\"font-weight: 400;\">\u00bfPensaste en seguir una carrera docente? El profesorado de Educaci\u00f3n Primaria te permite una amplia salida laboral, Se trata de una carrera donde vas a potenciar tu capacidad de producir, innovar y crear. El docente de nivel Primario es un profesional de la educaci\u00f3n preparado para el trabajo en equipo y para atender a la diversidad de las aulas actuales.<\/span><\/p>\n<p>&nbsp;<\/p>\n<ul>\n<li><span style=\"font-weight: 400;\">Descripci\u00f3n breve (texto hasta 400 caracteres)<\/span><\/li>\n<\/ul>\n<p><span style=\"font-weight: 400;\">Con este Carrera, los egresados podr\u00e1n ejercer la docencia en instituciones de nivel primario com\u00fan y de j\u00f3venes y adultos en las modalidades de educaci\u00f3n rural, domiciliaria y hospitalaria, contextos de encierro y de educaci\u00f3n permanente. Son tareas propias de una docente planificar, gestionar y evaluar los procesos de ense\u00f1anza y de\u00a0 aprendizaje; participar en la elaboraci\u00f3n de las propuestas curriculares institucionales; dise\u00f1ar, producir y evaluar materiales educativos de distinta complejidad.<\/span><\/p>\n<p>&nbsp;<\/p>\n<ul>\n<li><span style=\"font-weight: 400;\">Descripci\u00f3n (texto hasta 300 palabras)<\/span><\/li>\n<\/ul>\n<p><span style=\"font-weight: 400;\">Ser docente de Educaci\u00f3n Primaria se constituye en una profesi\u00f3n de constante innovaci\u00f3n y de trabajo en equipo. El car\u00e1cter constitutivamente complejo del trabajo docente se ha incrementado de manera sustantiva. La transformaci\u00f3n de las finalidades educativas, la diversidad de los grupos de estudiantes, la aceleraci\u00f3n de los cambios en las formas de vida y en las transformaciones tecnol\u00f3gicas, son s\u00f3lo algunos ejemplos que permiten dar cuenta de esta situaci\u00f3n. En este contexto, resulta necesario repensar la formaci\u00f3n de docentes desde los conocimientos y capacidades que resultan relevantes desde el punto de vista profesional.\u00a0<\/span><\/p>\n<p><span style=\"font-weight: 400;\">Nuestra propuesta formativa ofrece a los y las estudiantes, oportunidades para desnaturalizar la mirada sobre la escuela, y brindar aportes para analizar y comprender la historicidad de las pr\u00e1cticas escolares y sus atravesamientos \u00e9ticos y pol\u00edticos. Este es un camino que permite evitar la reproducci\u00f3n acr\u00edtica de modelos y estrategias de ense\u00f1anza en el \u00e1mbito escolar. El an\u00e1lisis de las pr\u00e1cticas y la reflexi\u00f3n sobre ellas se realizar\u00e1n a partir del uso y aprovechamiento de categor\u00edas te\u00f3ricas que contribuyen a enriquecer la mirada y la b\u00fasqueda de propuestas de mejora.<\/span><\/p>\n<p><span style=\"font-weight: 400;\">El egresado del <\/span><b>Profesorado en Educaci\u00f3n Primaria<\/b><span style=\"font-weight: 400;\"> lograr\u00e1 tener la capacidad de innovaci\u00f3n en las pr\u00e1cticas, la habilidad para enfrentar el desaf\u00edo de la diversidad en el aula, adquirir herramientas para integrar a los alumnos con discapacidad, dise\u00f1ar instrumentos de evaluaci\u00f3n, destreza en el manejo de grupo, asumir la investigaci\u00f3n educativa como parte de la pr\u00e1ctica docente, alcanzar el empoderamiento necesario para ser referente en la comunidad educativa en la que se inserta.<\/span><\/p>\n<p><span style=\"font-weight: 400;\">El Instituto Ntra. Sra. del Rosario es parte constitutiva de la historia de la educaci\u00f3n superior en el departamento de Lavalle. Veinticinco a\u00f1os formando docentes avalan nuestra trayectoria. Nuestra instituci\u00f3n acompa\u00f1a los cambios y desarrollo de la comunidad lavallina, hoy es primordial contar con personas capacitadas para atender la demanda creciente de centros destinados a la formaci\u00f3n en educaci\u00f3n primaria en las diversas modalidades del sistema educativo<\/span><span style=\"font-weight: 400;\">. <\/span><span style=\"font-weight: 400;\">\u00a0<\/span><\/p>\n<ul>\n<li><span style=\"font-weight: 400;\">Palabras claves (palabras claves que definan la carrera separadas por coma, para usar en el buscador)<\/span><\/li>\n<\/ul>\n<p><span style=\"font-weight: 400;\">educaci\u00f3n primaria- Educaci\u00f3n b\u00e1sica- Modalidades del Sistema Educativo<\/span><\/p>\n<ul>\n<li><span style=\"font-weight: 400;\">D\u00f3nde podr\u00e1n trabajar (texto hasta 300 palabras).<\/span><\/li>\n<\/ul>\n<p><span style=\"font-weight: 400;\">El egresado del Profesorado en Educaci\u00f3n Primaria tiene un amplio campo laboral, teniendo competencia para trabajar en las diversas modalidades del sistema educativo. Ser docente de nivel primario posibilita el desempe\u00f1o profesional en las escuelas primarias comunes de gesti\u00f3n privada y estatal. Adem\u00e1s de poder ejercer la docencia en educaci\u00f3n b\u00e1sica de j\u00f3venes y adultos. El docente de primaria puede asumir la docencia en los talleres de la escolaridad extendida.\u00a0<\/span><\/p>\n<p><span style=\"font-weight: 400;\">Los diversos \u00e1mbitos laborales implican el desempe\u00f1o de un profesional de la educaci\u00f3n capacitado para el trabajo en equipo, para el desarrollo de pr\u00e1cticas de aprendizajes abordando las ciencias, las tecnolog\u00edas y las did\u00e1cticas propias para la ense\u00f1anza.<\/span><\/p>\n<ul>\n<li><span style=\"font-weight: 400;\">Duraci\u00f3n de la carrera (texto hasta 400 caracteres)<\/span><\/li>\n<\/ul>\n<p><span style=\"font-weight: 400;\">La oferta formativa del Profesorado de Educaci\u00f3n Primaria en el Instituto Ntra. Sra. del Rosario tiene una duraci\u00f3n de 4 a\u00f1os, incluyendo pr\u00e1cticas docentes desde el primer a\u00f1o en instituciones destinadas a la Educaci\u00f3n Primaria en las diversas modalidades. La propuesta rescata las ciencias b\u00e1sicas, las did\u00e1cticas espec\u00edficas y las psicolog\u00edas que permiten acompa\u00f1ar los procesos de aprendizaje indispensables para el desarrollo de capacidades.<\/span><\/p>\n<ul>\n<li><span style=\"font-weight: 400;\">Cursado (texto hasta 400 caracteres).<\/span><\/li>\n<\/ul>\n<p><span style=\"font-weight: 400;\">Se cursa de lunes a viernes desde las 16:00 hasta las 21:00 hs en la sede del Instituto ubicada en Villa Tulumaya.\u00a0 Adem\u00e1s se desarrollan Pr\u00e1ctica Profesionales en instituciones dedicadas\u00a0 a la Educaci\u00f3n Primaria com\u00fan o Educaci\u00f3n B\u00e1sica de J\u00f3venes y Adultos de todo el departamento de Lavalle.<\/span><\/p>\n","protected":false},"excerpt":{"rendered":"<p>Nombre de la carrera:\u00a0Profesorado de Educaci\u00f3n Primaria T\u00edtulo:\u00a0Profesor\/a en Educaci\u00f3n Primaria Orientaci\u00f3n: \u00bfPensaste en seguir una carrera docente? El profesorado de Educaci\u00f3n Primaria te permite una amplia salida laboral, Se trata de una carrera donde vas a potenciar tu capacidad de producir, innovar y crear. El docente de nivel Primario es un profesional de la &#8230; <a title=\"PROFESORADO DE EDUCACI\u00d3N PRIMARIA\" class=\"read-more\" href=\"https:\/\/nsrosario-infd.mendoza.edu.ar\/sitio\/profesorado-de-educacion-primaria-2\/\" aria-label=\"More on PROFESORADO DE EDUCACI\u00d3N PRIMARIA\">[+]<\/a><\/p>\n","protected":false},"author":8,"featured_media":0,"parent":0,"menu_order":0,"comment_status":"closed","ping_status":"closed","template":"","meta":[],"acf":[],"_links":{"self":[{"href":"https:\/\/nsrosario-infd.mendoza.edu.ar\/sitio\/wp-json\/wp\/v2\/pages\/1113"}],"collection":[{"href":"https:\/\/nsrosario-infd.mendoza.edu.ar\/sitio\/wp-json\/wp\/v2\/pages"}],"about":[{"href":"https:\/\/nsrosario-infd.mendoza.edu.ar\/sitio\/wp-json\/wp\/v2\/types\/page"}],"author":[{"embeddable":true,"href":"https:\/\/nsrosario-infd.mendoza.edu.ar\/sitio\/wp-json\/wp\/v2\/users\/8"}],"replies":[{"embeddable":true,"href":"https:\/\/nsrosario-infd.mendoza.edu.ar\/sitio\/wp-json\/wp\/v2\/comments?post=1113"}],"version-history":[{"count":1,"href":"https:\/\/nsrosario-infd.mendoza.edu.ar\/sitio\/wp-json\/wp\/v2\/pages\/1113\/revisions"}],"predecessor-version":[{"id":1115,"href":"https:\/\/nsrosario-infd.mendoza.edu.ar\/sitio\/wp-json\/wp\/v2\/pages\/1113\/revisions\/1115"}],"wp:attachment":[{"href":"https:\/\/nsrosario-infd.mendoza.edu.ar\/sitio\/wp-json\/wp\/v2\/media?parent=1113"}],"curies":[{"name":"wp","href":"https:\/\/api.w.org\/{rel}","templated":true}]}}