{"id":1169,"date":"2021-01-25T09:44:26","date_gmt":"2021-01-25T12:44:26","guid":{"rendered":"https:\/\/nsrosario-infd.mendoza.edu.ar\/sitio\/?page_id=1169"},"modified":"2021-01-25T09:44:48","modified_gmt":"2021-01-25T12:44:48","slug":"insercion-laboral-pep","status":"publish","type":"page","link":"https:\/\/nsrosario-infd.mendoza.edu.ar\/sitio\/insercion-laboral-pep\/","title":{"rendered":"INSERCI\u00d3N LABORAL PEP"},"content":{"rendered":"<p><span style=\"font-weight: 400;\">El egresado del Profesorado en Educaci\u00f3n Primaria tiene un amplio campo laboral, teniendo competencia para trabajar en las diversas modalidades del sistema educativo. Ser docente de nivel primario posibilita el desempe\u00f1o profesional en las escuelas primarias comunes de gesti\u00f3n privada y estatal. Adem\u00e1s de poder ejercer la docencia en educaci\u00f3n b\u00e1sica de j\u00f3venes y adultos. El docente de primaria puede asumir la docencia en los talleres de la escolaridad extendida.\u00a0<\/span><\/p>\n<p><span style=\"font-weight: 400;\">Los diversos \u00e1mbitos laborales implican el desempe\u00f1o de un profesional de la educaci\u00f3n capacitado para el trabajo en equipo, para el desarrollo de pr\u00e1cticas de aprendizajes abordando las ciencias, las tecnolog\u00edas y las did\u00e1cticas propias para la ense\u00f1anza.<\/span><\/p>\n","protected":false},"excerpt":{"rendered":"<p>El egresado del Profesorado en Educaci\u00f3n Primaria tiene un amplio campo laboral, teniendo competencia para trabajar en las diversas modalidades del sistema educativo. Ser docente de nivel primario posibilita el desempe\u00f1o profesional en las escuelas primarias comunes de gesti\u00f3n privada y estatal. Adem\u00e1s de poder ejercer la docencia en educaci\u00f3n b\u00e1sica de j\u00f3venes y adultos. &#8230; <a title=\"INSERCI\u00d3N LABORAL PEP\" class=\"read-more\" href=\"https:\/\/nsrosario-infd.mendoza.edu.ar\/sitio\/insercion-laboral-pep\/\" aria-label=\"More on INSERCI\u00d3N LABORAL PEP\">[+]<\/a><\/p>\n","protected":false},"author":8,"featured_media":0,"parent":0,"menu_order":0,"comment_status":"closed","ping_status":"closed","template":"","meta":[],"acf":[],"_links":{"self":[{"href":"https:\/\/nsrosario-infd.mendoza.edu.ar\/sitio\/wp-json\/wp\/v2\/pages\/1169"}],"collection":[{"href":"https:\/\/nsrosario-infd.mendoza.edu.ar\/sitio\/wp-json\/wp\/v2\/pages"}],"about":[{"href":"https:\/\/nsrosario-infd.mendoza.edu.ar\/sitio\/wp-json\/wp\/v2\/types\/page"}],"author":[{"embeddable":true,"href":"https:\/\/nsrosario-infd.mendoza.edu.ar\/sitio\/wp-json\/wp\/v2\/users\/8"}],"replies":[{"embeddable":true,"href":"https:\/\/nsrosario-infd.mendoza.edu.ar\/sitio\/wp-json\/wp\/v2\/comments?post=1169"}],"version-history":[{"count":1,"href":"https:\/\/nsrosario-infd.mendoza.edu.ar\/sitio\/wp-json\/wp\/v2\/pages\/1169\/revisions"}],"predecessor-version":[{"id":1172,"href":"https:\/\/nsrosario-infd.mendoza.edu.ar\/sitio\/wp-json\/wp\/v2\/pages\/1169\/revisions\/1172"}],"wp:attachment":[{"href":"https:\/\/nsrosario-infd.mendoza.edu.ar\/sitio\/wp-json\/wp\/v2\/media?parent=1169"}],"curies":[{"name":"wp","href":"https:\/\/api.w.org\/{rel}","templated":true}]}}