{"id":833,"date":"2018-08-30T17:20:56","date_gmt":"2018-08-30T20:20:56","guid":{"rendered":"https:\/\/nsrosario-mza.infd.edu.ar\/sitio\/datos-institucionales\/"},"modified":"2021-01-25T12:11:22","modified_gmt":"2021-01-25T15:11:22","slug":"datos-institucionales","status":"publish","type":"page","link":"https:\/\/nsrosario-infd.mendoza.edu.ar\/sitio\/datos-institucionales\/","title":{"rendered":"Datos institucionales"},"content":{"rendered":"<blockquote>\n<h5><span style=\"color: #0000ff; font-family: arial, helvetica, sans-serif;\"><strong>LOCALIZACI\u00d3N ESPACIAL Y V\u00cdAS DE COMUNICACI\u00d3N<\/strong><\/span><\/h5>\n<p><span style=\"font-family: arial, helvetica, sans-serif;\"> El departamento de Lavalle posee 10.212 Km<sup>2<\/sup>, con una poblaci\u00f3n de 32.129 habitantes, seg\u00fan el censo de poblaci\u00f3n y vivienda 2001, y una densidad de 3.15 hab\/km<sup>2<\/sup>; en donde el 65% de la poblaci\u00f3n es rural y el 35% restante tiene caracter\u00edsticas urbanas.\u00a0<\/span><span style=\"font-family: arial, helvetica, sans-serif; font-size: 16px; text-align: justify;\">Los centros poblados m\u00e1s importantes son Villa Tulumaya\u00a0y Costa de Araujo. <\/span><\/p><\/blockquote>\n<blockquote><p><span style=\"font-family: arial, helvetica, sans-serif; font-size: 16px; text-align: justify;\">Villa Tulumaya se ubica a 32 km de la capital provincial, a la que se accede a trav\u00e9s de la Ruta Provincial N\u00b0 24 (la que se encuentra en muy mal estado y hace dif\u00edcil la comunicaci\u00f3n con importantes zonas de influencia de la Instituci\u00f3n) y la Ruta Provincial N\u00b034 que empalma con la Ruta Nacional N\u00b040. Los servicios de transporte de pasajeros son realizados por dos empresas de mediana distancia, las que han tenido serias dificultades en los \u00faltimos a\u00f1os para prestar el servicio que licitaron, las frecuencias no se respetan, las condiciones higi\u00e9nicas y mec\u00e1nicas de las unidades no son buenas, a lo que hay que sumarle el costo del pasaje que es varias veces superior al boleto m\u00ednimo. En las zonas rurales este problema se agudiza a\u00fan m\u00e1s.<\/span><span style=\"font-family: arial, helvetica, sans-serif; text-align: justify; font-size: 16px;\">Es decir, si bien por su extensi\u00f3n las distancias absolutas a recorrer en el departamento son importantes, las distancias relativas hacen que algunos sectores sean pr\u00e1cticamente inaccesibles.<\/span><\/p><\/blockquote>\n<ul>\n<li><span style=\"font-weight: 400;\">Direcci\u00f3n postal completa.<\/span><\/li>\n<\/ul>\n<p><span style=\"font-weight: 400;\">FRAY LUIS BELTR\u00c1N 192<\/span><\/p>\n<ul>\n<li><span style=\"font-weight: 400;\">Geo-localizaci\u00f3n (<a href=\"https:\/\/goo.gl\/maps\/YoQXr9vP41HbHun86\">Google Maps<\/a>).<\/span><\/li>\n<\/ul>\n<ul>\n<li><span style=\"font-weight: 400;\">Email institucional.<\/span><\/li>\n<\/ul>\n<p><span style=\"font-weight: 400;\">nsrosario@speedymail.com.ar<\/span><\/p>\n<p><img decoding=\"async\" loading=\"lazy\" class=\"alignnone size-full wp-image-1201\" src=\"https:\/\/nsrosario-infd.mendoza.edu.ar\/sitio\/wp-content\/uploads\/2021\/01\/PEI-BANNER.jpeg\" alt=\"\" width=\"599\" height=\"202\" \/><\/p>\n<p>&nbsp;<\/p>\n<p><span style=\"font-weight: 400;\">Tenemos una propuesta formativa pensada para vos, nos enfocamos en la formaci\u00f3n de docentes para los niveles inicial y primario. Contamos con un equipo de profesionales capacitados y motivados por la formaci\u00f3n de formadores. Nuestro principal desaf\u00edo es acompa\u00f1ar tu trayectoria, cumplir tu meta y darte herramientas para el desempe\u00f1o laboral. Pensamos en tu futuro, y por eso ofrecemos carreras con asegurada salida laboral.\u00a0<\/span><\/p>\n<p><span style=\"font-weight: 400;\">Hemos dise\u00f1ado una propuesta educativa que engloba a las tecnolog\u00edas, las pr\u00e1cticas de desempe\u00f1o docente y el acompa\u00f1amiento tutorial que necesitas.<\/span><\/p>\n<ul>\n<li style=\"font-weight: 400;\" aria-level=\"1\"><span style=\"font-weight: 400;\">Nuestro campus virtual habilita un espacio o entorno creado bajo una plataforma que no consume datos de conexi\u00f3n con la intencionalidad de como estudiante obtengas experiencias de aprendizaje a trav\u00e9s de recursos\/materiales formativos bajo la mediaci\u00f3n e interacci\u00f3n con un profesor y con tus compa\u00f1eros.<\/span><\/li>\n<li style=\"font-weight: 400;\" aria-level=\"1\"><span style=\"font-weight: 400;\">Reconocemos que los y las estudiantes deben aprender a ense\u00f1ar como tarea sustancial de su profesi\u00f3n. Cada a\u00f1o se propone una inserci\u00f3n en los contextos escolares de forma graduada y en complejidad creciente. Las pr\u00e1cticas Profesionales te acercan al escenario real del futuro desempe\u00f1o docente y en muchos casos son enlaces de puestos laborales futuros.\u00a0<\/span><\/li>\n<li style=\"font-weight: 400;\" aria-level=\"1\"><span style=\"font-weight: 400;\">Tenemos a tu disposici\u00f3n un sistema institucional de becas y un dispositivo de acompa\u00f1amiento a las trayectorias que te permitir\u00e1n transitar tu formaci\u00f3n con mayor confianza y motivaci\u00f3n superando obst\u00e1culos. Iniciar una carrera de nivel superior es un desaf\u00edo y sabemos c\u00f3mo colaborar con tu meta.\u00a0<\/span><\/li>\n<\/ul>\n<p><img decoding=\"async\" loading=\"lazy\" class=\"wp-image-773 alignleft\" src=\"https:\/\/nsrosario-infd.mendoza.edu.ar\/sitio\/wp-content\/uploads\/2018\/08\/promocion-746x1000.png\" alt=\"\" width=\"354\" height=\"475\" srcset=\"https:\/\/nsrosario-infd.mendoza.edu.ar\/sitio\/wp-content\/uploads\/2018\/08\/promocion-746x1000.png 746w, https:\/\/nsrosario-infd.mendoza.edu.ar\/sitio\/wp-content\/uploads\/2018\/08\/promocion-768x1030.png 768w, https:\/\/nsrosario-infd.mendoza.edu.ar\/sitio\/wp-content\/uploads\/2018\/08\/promocion.png 1303w\" sizes=\"(max-width: 354px) 100vw, 354px\" \/><\/p>\n<p><span style=\"font-weight: 400;\">Contamos con el <\/span><b>Profesorado de Educaci\u00f3n Inicial y el Profesorado de Educaci\u00f3n Primaria<\/b><span style=\"font-weight: 400;\">.\u00a0<\/span><\/p>\n<p><span style=\"font-weight: 400;\">La docencia para el nivel Inicial es una tarea profesional que precisa un alto grado de capacitaci\u00f3n, se trabaja con ni\u00f1os y ni\u00f1as, en instituciones que acompa\u00f1an la crianza en la primera infancia.\u00a0 El trabajo se desempe\u00f1a en Jardines Maternales y en Jardines de Infantes siempre acompa\u00f1ado de un equipo de profesionales abordando la crianza respetuosa de los ni\u00f1os y las ni\u00f1as.<\/span><\/p>\n<p><span style=\"font-weight: 400;\">Por otra parte, la docencia para el nivel Primario, los egresados podr\u00e1n ejercer la docencia en instituciones de nivel primario com\u00fan y de j\u00f3venes y adultos en las modalidades de educaci\u00f3n rural, domiciliaria y hospitalaria, contextos de encierro y de educaci\u00f3n permanente. Son tareas propias de una docente planificar, gestionar y evaluar los procesos de ense\u00f1anza y de aprendizaje; participar en la elaboraci\u00f3n de las propuestas curriculares institucionales; dise\u00f1ar, producir y evaluar materiales educativos de distinta complejidad.<\/span><\/p>\n","protected":false},"excerpt":{"rendered":"<p>LOCALIZACI\u00d3N ESPACIAL Y V\u00cdAS DE COMUNICACI\u00d3N El departamento de Lavalle posee 10.212 Km2, con una poblaci\u00f3n de 32.129 habitantes, seg\u00fan el censo de poblaci\u00f3n y vivienda 2001, y una densidad de 3.15 hab\/km2; en donde el 65% de la poblaci\u00f3n es rural y el 35% restante tiene caracter\u00edsticas urbanas.\u00a0Los centros poblados m\u00e1s importantes son Villa &#8230; <a title=\"Datos institucionales\" class=\"read-more\" href=\"https:\/\/nsrosario-infd.mendoza.edu.ar\/sitio\/datos-institucionales\/\" aria-label=\"More on Datos institucionales\">[+]<\/a><\/p>\n","protected":false},"author":281,"featured_media":0,"parent":0,"menu_order":0,"comment_status":"closed","ping_status":"closed","template":"","meta":[],"acf":[],"_links":{"self":[{"href":"https:\/\/nsrosario-infd.mendoza.edu.ar\/sitio\/wp-json\/wp\/v2\/pages\/833"}],"collection":[{"href":"https:\/\/nsrosario-infd.mendoza.edu.ar\/sitio\/wp-json\/wp\/v2\/pages"}],"about":[{"href":"https:\/\/nsrosario-infd.mendoza.edu.ar\/sitio\/wp-json\/wp\/v2\/types\/page"}],"author":[{"embeddable":true,"href":"https:\/\/nsrosario-infd.mendoza.edu.ar\/sitio\/wp-json\/wp\/v2\/users\/281"}],"replies":[{"embeddable":true,"href":"https:\/\/nsrosario-infd.mendoza.edu.ar\/sitio\/wp-json\/wp\/v2\/comments?post=833"}],"version-history":[{"count":3,"href":"https:\/\/nsrosario-infd.mendoza.edu.ar\/sitio\/wp-json\/wp\/v2\/pages\/833\/revisions"}],"predecessor-version":[{"id":1203,"href":"https:\/\/nsrosario-infd.mendoza.edu.ar\/sitio\/wp-json\/wp\/v2\/pages\/833\/revisions\/1203"}],"wp:attachment":[{"href":"https:\/\/nsrosario-infd.mendoza.edu.ar\/sitio\/wp-json\/wp\/v2\/media?parent=833"}],"curies":[{"name":"wp","href":"https:\/\/api.w.org\/{rel}","templated":true}]}}